{"id":290,"date":"2020-06-04T18:13:15","date_gmt":"2020-06-04T18:13:15","guid":{"rendered":"https:\/\/www.grundschule-sommerseite.de\/?page_id=290"},"modified":"2025-03-26T10:36:45","modified_gmt":"2025-03-26T10:36:45","slug":"betreuung","status":"publish","type":"page","link":"https:\/\/www.grundschule-sommerseite.de\/?page_id=290","title":{"rendered":"Ganztag"},"content":{"rendered":"\n<h3 class=\"wp-block-heading\"><strong>Betreuung\u00a0\u00a0am\u00a0\u00a0Nachmittag<\/strong><\/h3>\n\n\n\n<p><img loading=\"lazy\" decoding=\"async\" width=\"122\" height=\"81\" src=\"blob:https:\/\/www.grundschule-sommerseite.de\/8ce1fd51-9676-4dcf-a359-602bc7d7d9a7\"><\/p>\n\n\n\n<p>Unsere Schule nimmt an dem&nbsp;&nbsp;Ganztagesprogramm des Landes Hessen \u201ePakt f\u00fcr den Nachmittag\u201c teil. Dies ist ein freiwilliges Angebot, welches nach der Anmeldung f\u00fcr ein Schuljahr verbindlich ist. Im Pakt f\u00fcr den Nachmittag \u00fcbernehmen Land und Schultr\u00e4ger gemeinsam Verantwortung f\u00fcr das Bildungs- und Betreuungsangebot.<\/p>\n\n\n\n\n\n<p><strong>Die Lernzeit<\/strong><\/p>\n\n\n\n<p>Die Lernzeit f\u00fcr die Jahrgangsstufe 1 und 2 ist eine verbindliche Unterrichtszeit im Stundenplan Ihres Kindes, in der es direkt im Anschluss an den Unterricht, seine Hausaufgaben erledigt und ggf. Inhalte des Unterrichts \u00fcbt und festigt. Da die Lernzeit im Rahmen des Pakts f\u00fcr den Nachmittag stattfindet, m\u00fcssen Sie auch f\u00fcr diese Zeit einen Betreuungsvertrag mit der Schule schlie\u00dfen. Diese Zeit ist kostenfrei, die anschlie\u00dfende Betreuungszeit ist kostenpflichtig.&nbsp;<\/p>\n\n\n\n<p>Die Lernzeit findet jeweils Montag bis Donnerstag im Klassenverbund statt. Betreut wird diese Zeit von der Klassen- oder Fachlehrerin. Ihr Kind fertigt also unter fachkundiger Anleitung seine Aufgaben an oder erh\u00e4lt erg\u00e4nzendes Material. Im Anschluss an die Lernzeit geht Ihr Kind wie bisher entweder nach Hause oder verbleibt weiter im Ganztagesangebot der Schule.<\/p>\n\n\n\n<p><strong>\u00dcbernahme der Betreuungskosten durch den Landkreis Hersfeld-Rotenburg&nbsp;<\/strong><\/p>\n\n\n\n<p>In Anspruch nehmen k\u00f6nnen die \u00dcbernahme der Be\u00adtreuungs\u00adkosten alle Kinder aus Familien, die mindestens eine der folgenden Sozialleistungen erhalten:<\/p>\n\n\n\n<ul class=\"wp-block-list\">\n<li>Kindergeldzuschlag nach \u00a7 6 a des Bundes\u00adkindergeldgesetzes<\/li>\n\n\n\n<li>Arbeitslosengeld II nach dem SGB II<\/li>\n\n\n\n<li>Hilfe zum Lebensunterhalt oder Grund\u00adsicherung nach dem SGB XII<\/li>\n\n\n\n<li>Leistungen nach dem Asylbewerber\u00adleistungsgesetz<\/li>\n\n\n\n<li>Wohngeld nach dem Wohngeldgesetz<\/li>\n\n\n\n<li>\u00dcbernahme des Kindergartenelternbeitrages nach dem SGB VIII f\u00fcr ein Geschwisterkind.<\/li>\n<\/ul>\n\n\n\n<p>Wenn Ihr Kind in der Betreuung angemeldet ist, und Sie eine o.g. Leistung&nbsp;aktuell&nbsp;erhalten, geben Sie bitte eine Kopie eines&nbsp;aktuellen Leistungsbescheides&nbsp;in der Schule ab. Die Leistungen k\u00f6nnen nur dann \u00fcber\u00adnommen werden, wenn der Bescheid&nbsp;rechtzeitig&nbsp;vor\u00adliegt.&nbsp;Ihr Kind wird dann in die Liste der Berechtigten auf\u00adge\u00adnommen und hat Anspruch auf die kostenlose Teilnahme an dem Betreuungsangebot.<\/p>\n\n\n\n<p><strong>Betreuungszeiten<\/strong><\/p>\n\n\n\n<p>Montag bis Freitag nach Unterrichtsende bis 17.00 Uhr.<\/p>\n\n\n\n<p>Am letzten Schultag vor den Ferien endet die Betreuung um 15.00 Uhr!<\/p>\n\n\n\n<p><strong>Das Mittagessen<\/strong><\/p>\n\n\n\n<p>Die Anmeldung zum warmen Mittagessen ist nicht verpflichtend. Alle Kinder essen gemeinsam, entweder mitgebrachtes Essen oder bestelltes Essen. Wir nutzen f\u00fcr die Bestellung des Mittagessens das Online-Bestell-Programm MealO. Sie erhalten einen Zugang zum MealO-System von der Schule. \u00dcber dieses Portal organisieren Sie die An- und Abmeldung Ihres Kindes zum Mittagessen. Nachdem Sie einen Online-Zugang haben und die Registrierung erfolgreich war, k\u00f6nnen Sie Essen f\u00fcr Ihr Kind bestellen. Wir bekommen das Mittagessen von den K\u00fcchenfeen. (Preis\/Essen voraussichtlich 3,90\u20ac)<\/p>\n\n\n\n<p><strong>Kurzanleitung f\u00fcr das MealO-Portal<\/strong><\/p>\n\n\n\n<ul class=\"wp-block-list\">\n<li>\u00dcberweisen Sie\u00a0vorab\u00a0einen Betrag f\u00fcr das Essen auf das Konto der Schule (nicht den Betreuungsbetrag \u00fcberweisen, dieser wird von Ihrem Konto eingezogen)<\/li>\n<\/ul>\n\n\n\n<p>Land Hessen SG -Drittmittel-Grundschule An der Sommerseite&nbsp;<\/p>\n\n\n\n<p>IBAN: DE75 5329 0000 0068 9440 15<\/p>\n\n\n\n<p>VR Bankverein<\/p>\n\n\n\n<ul class=\"wp-block-list\">\n<li>Verwendungszweck Beispiel:<\/li>\n<\/ul>\n\n\n\n<p>S-XXXX Mustermann Max<\/p>\n\n\n\n<p>Bei falscher Schreibweise erkennt das MealO Portal Ihre \u00dcberweisung nicht!<\/p>\n\n\n\n<ul class=\"wp-block-list\">\n<li>Geschwister extra \u00fcberweisen\u00a0<\/li>\n<\/ul>\n\n\n\n<p>Der Betrag wird innerhalb von ca. 10 Werktagen (nicht in den Ferien) Ihrem MealO-Konto gutgeschrieben.<\/p>\n\n\n\n<p>Mit diesem Guthaben k\u00f6nnen Sie das Essen \u00fcber die Seite&nbsp;<a href=\"https:\/\/gs-sommerseite-shr.meal-o.com\/\">https:\/\/gs-sommerseite-shr.meal-o.com<\/a>&nbsp;bestellen.<\/p>\n\n\n\n<ul class=\"wp-block-list\">\n<li>Bestellung u. Stornierung bis 23:00 Uhr (Vortag)<\/li>\n\n\n\n<li>Bitte auch an die Bestellung f\u00fcr das Essen nach den Ferien denken\u00a0<\/li>\n\n\n\n<li>Falls Sie vergessen haben, ein Essen zu bestellen, geben Sie bitte Ihrem Kind ein Lunchpaket mit!<\/li>\n<\/ul>\n\n\n\n<p><strong>Sonderkost&nbsp;<\/strong><\/p>\n\n\n\n<p>Sollte Ihr Kind unter Allergien leiden, buchen Sie bitte Sonderkost und&nbsp;nicht Tagesmenu.<\/p>\n\n\n\n<p>Wenn Sie vegetarisch w\u00fcnschen&nbsp;und&nbsp;noch eine Unvertr\u00e4glichkeit beachtet werden muss, m\u00fcssen Sie Sonderkost w\u00e4hlen. Ebenso m\u00fcssen Eltern, die muslimisch w\u00fcnschen&nbsp;und&nbsp;eine Unvertr\u00e4glichkeit vorhanden ist, Sonderkost w\u00e4hlen.<\/p>\n\n\n\n<p>Tagesmenu&nbsp;&nbsp;&nbsp;&nbsp;&nbsp;&nbsp;&nbsp;&nbsp;&nbsp;&nbsp;&nbsp;&nbsp;&nbsp;&nbsp;=&nbsp;&nbsp;&nbsp;&nbsp;&nbsp;&nbsp;&nbsp;&nbsp;&nbsp;&nbsp;&nbsp;&nbsp;&nbsp;&nbsp;&nbsp;keine weiteren W\u00fcnsche<\/p>\n\n\n\n<p>Muslimisch&nbsp;&nbsp;&nbsp;&nbsp;&nbsp;&nbsp;&nbsp;&nbsp;&nbsp;&nbsp;&nbsp;&nbsp;&nbsp;&nbsp;&nbsp;=&nbsp;&nbsp;&nbsp;&nbsp;&nbsp;&nbsp;&nbsp;&nbsp;&nbsp;&nbsp;&nbsp;&nbsp;&nbsp;&nbsp;&nbsp;ohne Schweinefleisch, keine weiteren W\u00fcnsche<\/p>\n\n\n\n<p>Vegetarisch&nbsp;&nbsp;&nbsp;&nbsp;&nbsp;&nbsp;&nbsp;&nbsp;&nbsp;&nbsp;&nbsp;&nbsp;&nbsp;&nbsp;=&nbsp;&nbsp;&nbsp;&nbsp;&nbsp;&nbsp;&nbsp;&nbsp;&nbsp;&nbsp;&nbsp;&nbsp;&nbsp;&nbsp;&nbsp;fleischlos, keine weiteren W\u00fcnsche<\/p>\n\n\n\n<p>Sonderkost&nbsp;&nbsp;&nbsp;&nbsp;&nbsp;&nbsp;&nbsp;&nbsp;&nbsp;&nbsp;&nbsp;&nbsp;&nbsp;&nbsp;&nbsp;=&nbsp;&nbsp;&nbsp;&nbsp;&nbsp;&nbsp;&nbsp;&nbsp;&nbsp;&nbsp;&nbsp;&nbsp;&nbsp;&nbsp;&nbsp;Allergien \/ Unvertr\u00e4glichkeiten<\/p>\n\n\n\n<p>Sonderkost&nbsp;&nbsp;&nbsp;&nbsp;&nbsp;&nbsp;&nbsp;&nbsp;&nbsp;&nbsp;&nbsp;&nbsp;&nbsp;&nbsp;&nbsp;=&nbsp;&nbsp;&nbsp;&nbsp;&nbsp;&nbsp;&nbsp;&nbsp;&nbsp;&nbsp;&nbsp;&nbsp;&nbsp;&nbsp;&nbsp;z.B. muslimisch und Unvertr\u00e4glichkeiten<\/p>\n\n\n\n<p>Sonderkost&nbsp;&nbsp;&nbsp;&nbsp;&nbsp;&nbsp;&nbsp;&nbsp;&nbsp;&nbsp;&nbsp;&nbsp;&nbsp;&nbsp;&nbsp;=&nbsp;&nbsp;&nbsp;&nbsp;&nbsp;&nbsp;&nbsp;&nbsp;&nbsp;&nbsp;&nbsp;&nbsp;&nbsp;&nbsp;&nbsp;z.B. vegetarisch und Unvertr\u00e4glichkeiten<\/p>\n\n\n\n<p><strong>Was noch wichtig ist:<\/strong><\/p>\n\n\n\n<ul class=\"wp-block-list\">\n<li>Bei Krankheit Ihres Kindes hinterlassen Sie bitte eine Nachricht auf dem Anrufbeantworter der Betreuung bis 11.00 Uhr.<\/li>\n\n\n\n<li>Telefonnummer: 06621-915944<\/li>\n\n\n\n<li>Bitte geben Sie Ihrem Kind Hausschuhe mit, die in der Betreuung bleiben k\u00f6nnen.<\/li>\n<\/ul>\n\n\n\n<figure class=\"wp-block-table\"><table class=\"has-fixed-layout\"><tbody><tr><td>&nbsp;<\/td><\/tr><\/tbody><\/table><\/figure>\n","protected":false},"excerpt":{"rendered":"<p>Betreuung\u00a0\u00a0am\u00a0\u00a0Nachmittag Unsere Schule nimmt an dem&nbsp;&nbsp;Ganztagesprogramm des Landes Hessen \u201ePakt f\u00fcr den Nachmittag\u201c teil. Dies ist ein freiwilliges Angebot, welches nach der Anmeldung f\u00fcr ein Schuljahr verbindlich ist. Im Pakt f\u00fcr den Nachmittag \u00fcbernehmen Land und Schultr\u00e4ger gemeinsam Verantwortung f\u00fcr [&hellip;]<\/p>\n","protected":false},"author":1,"featured_media":0,"parent":0,"menu_order":0,"comment_status":"closed","ping_status":"closed","template":"","meta":{"footnotes":""},"class_list":["post-290","page","type-page","status-publish","hentry"],"_links":{"self":[{"href":"https:\/\/www.grundschule-sommerseite.de\/index.php?rest_route=\/wp\/v2\/pages\/290","targetHints":{"allow":["GET"]}}],"collection":[{"href":"https:\/\/www.grundschule-sommerseite.de\/index.php?rest_route=\/wp\/v2\/pages"}],"about":[{"href":"https:\/\/www.grundschule-sommerseite.de\/index.php?rest_route=\/wp\/v2\/types\/page"}],"author":[{"embeddable":true,"href":"https:\/\/www.grundschule-sommerseite.de\/index.php?rest_route=\/wp\/v2\/users\/1"}],"replies":[{"embeddable":true,"href":"https:\/\/www.grundschule-sommerseite.de\/index.php?rest_route=%2Fwp%2Fv2%2Fcomments&post=290"}],"version-history":[{"count":19,"href":"https:\/\/www.grundschule-sommerseite.de\/index.php?rest_route=\/wp\/v2\/pages\/290\/revisions"}],"predecessor-version":[{"id":431,"href":"https:\/\/www.grundschule-sommerseite.de\/index.php?rest_route=\/wp\/v2\/pages\/290\/revisions\/431"}],"wp:attachment":[{"href":"https:\/\/www.grundschule-sommerseite.de\/index.php?rest_route=%2Fwp%2Fv2%2Fmedia&parent=290"}],"curies":[{"name":"wp","href":"https:\/\/api.w.org\/{rel}","templated":true}]}}